{"id":318,"date":"2022-11-02T12:50:25","date_gmt":"2022-11-02T11:50:25","guid":{"rendered":"https:\/\/pimar-plastics.pl\/en\/?page_id=318"},"modified":"2022-11-02T12:51:47","modified_gmt":"2022-11-02T11:51:47","slug":"european-funds","status":"publish","type":"page","link":"https:\/\/pimar-plastics.pl\/en\/european-funds\/","title":{"rendered":"European funds"},"content":{"rendered":"<div class=\"wp-block-image container\">\n<figure class=\"aligncenter size-full\"><img decoding=\"async\" src=\"https:\/\/test.stroniarz.pl\/pimar\/wp-content\/uploads\/2022\/11\/Logotypy-ue.png\" alt=\"\" class=\"wp-image-322\"\/><\/figure>\n<\/div>\n\n\n<section class=\"wp-block-group container mt-90\"><div class=\"wp-block-group__inner-container is-layout-flow wp-block-group-is-layout-flow\">\n<div class=\"wp-block-columns is-layout-flex wp-container-core-columns-is-layout-9d6595d7 wp-block-columns-is-layout-flex\">\n<div class=\"wp-block-column is-layout-flow wp-block-column-is-layout-flow\">\n<p class=\"has-medium-font-size\"><strong>Realizowane projekty:<\/strong><\/p>\n\n\n\n<p><br>Projekt pt. \u201eDywersyfikacja dzia\u0142alno\u015bci PIMAR &#8211; PLASTICS Siebiesiewicz Sp\u00f3\u0142ka komandytowa&nbsp;poprzez wdro\u017cenie innowacyjnej technologii produkcji element\u00f3w meblowych o w\u0142a\u015bciwo\u015bciach biob\u00f3jczych\u201d. realizowany w ramach Programu Operacyjny Inteligentny Rozw\u00f3j, 2014-2020, 3. O\u015b priorytetowa: \u201eWsparcie innowacji w przedsi\u0119biorstwach\u201d, Dzia\u0142anie 3.2: \u201eWsparcie wdro\u017ce\u0144 wynik\u00f3w prac B+R\u201d, Poddzia\u0142anie 3.2.1 \u201eBadania na rynek\u201d.<\/p>\n\n\n\n<p><br><strong>1. Cel projektu:<\/strong><br>Celem projektu jest wdro\u017cenie innowacyjnej technologii produkcji, na bazie kt\u00f3rej b\u0119d\u0105 produkowane elementy meblowe z tworzyw sztucznych o w\u0142a\u015bciwo\u015bciach biob\u00f3jczych.<\/p>\n\n\n\n<p><br><strong>2. Planowane efekty:<\/strong><br>Efektem realizacji projektu b\u0119dzie wdro\u017cenie wynik\u00f3w prac B+R w dzia\u0142alno\u015bci przedsi\u0119biorstwa PIMAR &#8211; PLASTICS Siebiesiewicz Sp\u00f3\u0142ka komandytowa&nbsp;na bazie kt\u00f3rych wprowadzone zostan\u0105 na rynek innowacyjne elementy meblowe z tworzyw sztucznych cechuj\u0105ce si\u0119 w\u0142a\u015bciwo\u015bciami biob\u00f3jczymi.<\/p>\n\n\n\n<p><br><strong>3. Warto\u015b\u0107 projektu: 7 856 994,00 PLN<\/strong><br><br><strong>4. Wk\u0142ad Funduszy Europejskich: 4 471 460,00 PLN<\/strong><br><\/p>\n\n\n\n<p class=\"has-medium-font-size\"><strong>Zrealizowane Projekty:<\/strong><\/p>\n\n\n\n<p><strong>RPOWP 1.4.2<\/strong><\/p>\n\n\n\n<p><strong>Tytu\u0142 projektu:&nbsp;<\/strong>Rozw\u00f3j i wzrost konkurencyjno\u015bci przedsi\u0119biorstwa Pimar &#8211; Plastics poprzez wdro\u017cenie innowacyjnych technologii produkcji i zarz\u0105dzania przedsi\u0119biorstwem.<br><strong>Nazwa beneficjenta:&nbsp;<\/strong>Pimar-Plastics s.c. Piotr i Kamil Siebiesiewicz<br><strong>Dzia\u0142anie:&nbsp;<\/strong>1.4 Wsparcie inwestycyjne przedsi\u0119biorstw<br><strong>Poddzia\u0142anie:&nbsp;<\/strong>1.4.2 Ma\u0142e i \u015brednie przedsi\u0119biorstwa<br><strong>Ca\u0142kowita warto\u015b\u0107 projektu:&nbsp;<\/strong>874 776,00 z\u0142<br><strong>Warto\u015b\u0107 dofinansowania:&nbsp;<\/strong>355 600,00 z\u0142&nbsp;<strong>w tym bud\u017cet pa\u0144stwa:&nbsp;<\/strong>53 340,00 z\u0142<br><strong>Okres Ralizacji:&nbsp;<\/strong>2015 r<\/p>\n\n\n<div class=\"wp-block-image\">\n<figure class=\"aligncenter size-large\"><img decoding=\"async\" src=\"https:\/\/test.stroniarz.pl\/pimar\/wp-content\/uploads\/2022\/10\/Wzor-plakatu_nowy-1-724x1024.jpg\" alt=\"\" class=\"wp-image-302\"\/><\/figure>\n<\/div><\/div>\n<\/div>\n<\/div><\/section>\n","protected":false},"excerpt":{"rendered":"<p>Realizowane projekty: Projekt pt. \u201eDywersyfikacja dzia\u0142alno\u015bci PIMAR &#8211; PLASTICS Siebiesiewicz Sp\u00f3\u0142ka komandytowa&nbsp;poprzez wdro\u017cenie innowacyjnej technologii produkcji element\u00f3w meblowych o w\u0142a\u015bciwo\u015bciach biob\u00f3jczych\u201d. realizowany w ramach Programu Operacyjny Inteligentny Rozw\u00f3j, 2014-2020, 3. O\u015b priorytetowa: \u201eWsparcie innowacji w przedsi\u0119biorstwach\u201d, Dzia\u0142anie 3.2: \u201eWsparcie wdro\u017ce\u0144 wynik\u00f3w prac B+R\u201d, Poddzia\u0142anie 3.2.1 \u201eBadania na rynek\u201d. 1. Cel projektu:Celem projektu jest wdro\u017cenie innowacyjnej [&hellip;]<\/p>\n","protected":false},"author":1,"featured_media":0,"parent":0,"menu_order":0,"comment_status":"closed","ping_status":"closed","template":"","meta":{"footnotes":""},"class_list":["post-318","page","type-page","status-publish","hentry"],"_links":{"self":[{"href":"https:\/\/pimar-plastics.pl\/en\/wp-json\/wp\/v2\/pages\/318","targetHints":{"allow":["GET"]}}],"collection":[{"href":"https:\/\/pimar-plastics.pl\/en\/wp-json\/wp\/v2\/pages"}],"about":[{"href":"https:\/\/pimar-plastics.pl\/en\/wp-json\/wp\/v2\/types\/page"}],"author":[{"embeddable":true,"href":"https:\/\/pimar-plastics.pl\/en\/wp-json\/wp\/v2\/users\/1"}],"replies":[{"embeddable":true,"href":"https:\/\/pimar-plastics.pl\/en\/wp-json\/wp\/v2\/comments?post=318"}],"version-history":[{"count":2,"href":"https:\/\/pimar-plastics.pl\/en\/wp-json\/wp\/v2\/pages\/318\/revisions"}],"predecessor-version":[{"id":320,"href":"https:\/\/pimar-plastics.pl\/en\/wp-json\/wp\/v2\/pages\/318\/revisions\/320"}],"wp:attachment":[{"href":"https:\/\/pimar-plastics.pl\/en\/wp-json\/wp\/v2\/media?parent=318"}],"curies":[{"name":"wp","href":"https:\/\/api.w.org\/{rel}","templated":true}]}}