{"id":3,"date":"2022-09-06T13:29:10","date_gmt":"2022-09-06T11:29:10","guid":{"rendered":"https:\/\/pimar-plastics.pl\/en\/?page_id=3"},"modified":"2022-11-02T12:52:39","modified_gmt":"2022-11-02T11:52:39","slug":"rodo","status":"publish","type":"page","link":"https:\/\/pimar-plastics.pl\/en\/rodo\/","title":{"rendered":"RODO"},"content":{"rendered":"\n<section id=\"container\" class=\"wp-block-group container mt-90\"><div class=\"wp-block-group__inner-container is-layout-flow wp-block-group-is-layout-flow\">\n<h2 class=\"wp-block-heading\">RODO<\/h2>\n\n\n\n<h3 class=\"wp-block-heading\">Klauzula informacyjna dla kontrahent\u00f3w<\/h3>\n\n\n\n<p><\/p>\n\n\n\n<p>&nbsp;&nbsp;&nbsp; Od 25 maja 2018 roku obowi\u0105zuje Rozporz\u0105dzenie Parlamentu Europejskiego i Rady (UE) 2016\/679 z dnia 27 kwietnia 2016 roku w sprawie ochrony os\u00f3b fizycznych w zwi\u0105zku z przetwarzaniem danych osobowych i ich swobodnego przep\u0142ywu (Rozporz\u0105dzenie). Informujemy, i\u017c administratorem Pa\u0144stwa danych osobowych jest firma Pimar-Plastics Siebiesiewicz Sp\u00f3\u0142ka Komandytowa NIP: PL966-197-80-84, z siedzib\u0105: ul. Fabryczna 7L, 16-020 Czarna Bia\u0142ostocka.<\/p>\n\n\n\n<p>&nbsp;&nbsp;&nbsp; W zwi\u0105zku z powy\u017cszym, Pa\u0144stwa dane osobowe lub dane Pa\u0144stwa przedstawicieli b\u0119d\u0105 przetwarzane, zgodnie z art. 6 Rozporz\u0105dzenia ust. 1 pkt. a, b, c oraz f (w odniesieniu do ni\u017cej wymienionych punkt\u00f3w):<\/p>\n\n\n\n<ul class=\"wp-block-list\">\n<li>w celu realizacji umowy lub zlecenia zakupu i s\u0105 przechowywane przez okres 6 lat od momentu, w kt\u00f3rym operacje, transakcje i post\u0119powanie zakupowe zosta\u0142y ostatecznie zako\u0144czone, a zobowi\u0105zania sp\u0142acone, rozliczone lub przedawnione, a tak\u017ce od ustania wszelkich gwarancji i r\u0119kojmi z tytu\u0142u realizacji umowy lub zlecenia,<\/li>\n\n\n\n<li>w celu przedstawiania oferty us\u0142ug w\u0142asnych i w\u00f3wczas b\u0119d\u0105 przechowywane do czasu wyra\u017cenia sprzeciwu marketingowego,<\/li>\n\n\n\n<li>w celu odzyskania nale\u017cno\u015bci z tytu\u0142u sprzeda\u017cy us\u0142ug oraz do tworzenia statystyk i analiz na potrzeby w\u0142asne; w tym zakresie dane osobowe b\u0119d\u0105 przechowywane przez okres 3 lat od odzyskania nale\u017cno\u015bci lub wykonania ostatniej czynno\u015bci na danych osobowych w procesie windykacji.<\/li>\n<\/ul>\n\n\n\n<p>&nbsp;&nbsp;&nbsp; Podanie przez Pa\u0144stwa danych osobowych jest dobrowolne, jednak konieczne do realizacji um\u00f3w lub prowadzenia dzia\u0142a\u0144 marketingowych. W przypadku przedstawicieli kontrahent\u00f3w, ich dane zosta\u0142y pozyskane bezpo\u015brednio od kontrahent\u00f3w, kt\u00f3rych reprezentuj\u0105 lub z publicznie dost\u0119pnych \u017ar\u00f3de\u0142.<\/p>\n\n\n\n<p>&nbsp;&nbsp;&nbsp; Pa\u0144stwa dane osobowe przekazujemy podmiotom, z kt\u00f3rymi wsp\u00f3\u0142pracujemy na potrzeby \u015bwiadczenia naszych us\u0142ug, np. podmiotom wykonuj\u0105cym us\u0142ugi pocztowe, kurierskie, ksi\u0119gowe, prawne, informatyczne.<\/p>\n\n\n\n<p>Ka\u017cdy z Pa\u0144stwa lub Pa\u0144stwa przedstawicieli na prawo do:<\/p>\n\n\n\n<ul class=\"wp-block-list\">\n<li>dost\u0119pu do tre\u015bci swoich danych,<\/li>\n\n\n\n<li>sprostowania, usuni\u0119cia lub ograniczenia przetwarzania danych,<\/li>\n\n\n\n<li>przenoszenia danych,<\/li>\n\n\n\n<li>wniesienia sprzeciwu,<\/li>\n\n\n\n<li>cofni\u0119cia zgody w dowolnym momencie bez wp\u0142ywu na zgodno\u015b\u0107 z prawem przetwarzania, kt\u00f3rego dokonano na podstawie zgody przed jej cofni\u0119ciem.<\/li>\n<\/ul>\n\n\n\n<p>Ponadto, maj\u0105 Pa\u0144stwo prawo wniesienia skargi do Prezesa Urz\u0119du ds. Ochrony Danych Osobowych w przypadku gdy uznaj\u0105 Pa\u0144stwo, i\u017c przetwarzanie danych osobowych narusza przepisy Rozporz\u0105dzenia.<\/p>\n\n\n\n<p>Niniejsze pismo nie zmienia warunk\u00f3w um\u00f3w, zlece\u0144 i ma charakter czysto informacyjny.<\/p>\n<\/div><\/section>\n","protected":false},"excerpt":{"rendered":"<p>RODO Klauzula informacyjna dla kontrahent\u00f3w &nbsp;&nbsp;&nbsp; Od 25 maja 2018 roku obowi\u0105zuje Rozporz\u0105dzenie Parlamentu Europejskiego i Rady (UE) 2016\/679 z dnia 27 kwietnia 2016 roku w sprawie ochrony os\u00f3b fizycznych w zwi\u0105zku z przetwarzaniem danych osobowych i ich swobodnego przep\u0142ywu (Rozporz\u0105dzenie). Informujemy, i\u017c administratorem Pa\u0144stwa danych osobowych jest firma Pimar-Plastics Siebiesiewicz Sp\u00f3\u0142ka Komandytowa NIP: PL966-197-80-84, [&hellip;]<\/p>\n","protected":false},"author":1,"featured_media":0,"parent":0,"menu_order":0,"comment_status":"closed","ping_status":"closed","template":"","meta":{"footnotes":""},"class_list":["post-3","page","type-page","status-publish","hentry"],"_links":{"self":[{"href":"https:\/\/pimar-plastics.pl\/en\/wp-json\/wp\/v2\/pages\/3","targetHints":{"allow":["GET"]}}],"collection":[{"href":"https:\/\/pimar-plastics.pl\/en\/wp-json\/wp\/v2\/pages"}],"about":[{"href":"https:\/\/pimar-plastics.pl\/en\/wp-json\/wp\/v2\/types\/page"}],"author":[{"embeddable":true,"href":"https:\/\/pimar-plastics.pl\/en\/wp-json\/wp\/v2\/users\/1"}],"replies":[{"embeddable":true,"href":"https:\/\/pimar-plastics.pl\/en\/wp-json\/wp\/v2\/comments?post=3"}],"version-history":[{"count":2,"href":"https:\/\/pimar-plastics.pl\/en\/wp-json\/wp\/v2\/pages\/3\/revisions"}],"predecessor-version":[{"id":321,"href":"https:\/\/pimar-plastics.pl\/en\/wp-json\/wp\/v2\/pages\/3\/revisions\/321"}],"wp:attachment":[{"href":"https:\/\/pimar-plastics.pl\/en\/wp-json\/wp\/v2\/media?parent=3"}],"curies":[{"name":"wp","href":"https:\/\/api.w.org\/{rel}","templated":true}]}}