{"id":28,"date":"2022-09-06T14:51:46","date_gmt":"2022-09-06T12:51:46","guid":{"rendered":"https:\/\/pimar-plastics.pl\/en\/?page_id=28"},"modified":"2026-02-17T20:22:35","modified_gmt":"2026-02-17T19:22:35","slug":"strona-glowna","status":"publish","type":"page","link":"https:\/\/pimar-plastics.pl\/en\/","title":{"rendered":"Home"},"content":{"rendered":"\n<div class=\"wp-block-cover container-full\" style=\"min-height:748px;aspect-ratio:unset;\"><span aria-hidden=\"true\" class=\"wp-block-cover__background has-background-dim-0 has-background-dim\"><\/span><img loading=\"lazy\" decoding=\"async\" width=\"1696\" height=\"748\" class=\"wp-block-cover__image-background wp-image-341\" alt=\"\" src=\"https:\/\/pimar-plastics.pl\/en\/wp-content\/uploads\/2022\/11\/Rectangle-1-copy-1.webp\" data-object-fit=\"cover\" srcset=\"https:\/\/pimar-plastics.pl\/en\/wp-content\/uploads\/2022\/11\/Rectangle-1-copy-1.webp 1696w, https:\/\/pimar-plastics.pl\/en\/wp-content\/uploads\/2022\/11\/Rectangle-1-copy-1-300x132.webp 300w, https:\/\/pimar-plastics.pl\/en\/wp-content\/uploads\/2022\/11\/Rectangle-1-copy-1-1024x452.webp 1024w, https:\/\/pimar-plastics.pl\/en\/wp-content\/uploads\/2022\/11\/Rectangle-1-copy-1-768x339.webp 768w, https:\/\/pimar-plastics.pl\/en\/wp-content\/uploads\/2022\/11\/Rectangle-1-copy-1-1536x677.webp 1536w, https:\/\/pimar-plastics.pl\/en\/wp-content\/uploads\/2022\/11\/Rectangle-1-copy-1-241x106.webp 241w\" sizes=\"auto, (max-width: 1696px) 100vw, 1696px\" \/><div class=\"wp-block-cover__inner-container is-layout-flow wp-block-cover-is-layout-flow\">\n<div class=\"wp-block-group hero-section\"><div class=\"wp-block-group__inner-container is-layout-flow wp-block-group-is-layout-flow\">\n<h2 class=\"has-text-align-center wp-block-heading\" style=\"font-size:32px;font-style:normal;font-weight:900\"><strong>Plastics processing with the use of advanced technologies<\/strong><\/h2>\n\n\n\n<div class=\"wp-block-buttons is-content-justification-center is-layout-flex wp-container-core-buttons-is-layout-16018d1d wp-block-buttons-is-layout-flex\">\n<div class=\"wp-block-button\"><a class=\"wp-block-button__link wp-element-button\" href=\"https:\/\/pimar-plastics.pl\/en\/uslugi\/wtrysk\/\">Services<\/a><\/div>\n<\/div>\n<\/div><\/div>\n<\/div><\/div>\n\n\n\r\n<section id=\"icon-box-block_63186cc55ac6e\" class=\"icon-box container-full\">\r\n    <div id=\"icon-box\" class=\"\">\r\n                                        <div class=\"icon-box__container\">\r\n                                <a href=\"https:\/\/pimar-plastics.pl\/en\/uslugi\/wtrysk\/\">\r\n                                <svg class=\"wtrysk\">\r\n                                    <use xlink:href=\"#wtrysk\"><\/use>\r\n                                <\/svg>\r\n                                <span class=\"icon-box__header\">Injection<\/span>\r\n                                <\/a>\r\n                            <\/div>\r\n                                <div class=\"icon-box__container\">\r\n                                <a href=\"https:\/\/pimar-plastics.pl\/en\/uslugi\/tampodruk\/\">\r\n                                <svg class=\"tampodruk\">\r\n                                    <use xlink:href=\"#tampodruk\"><\/use>\r\n                                <\/svg>\r\n                                <span class=\"icon-box__header\">Pad printing<\/span>\r\n                                <\/a>\r\n                            <\/div>\r\n                                <div class=\"icon-box__container\">\r\n                                <a href=\"https:\/\/pimar-plastics.pl\/en\/uslugi\/termoforming\/\">\r\n                                <svg class=\"termoforming\">\r\n                                    <use xlink:href=\"#termoforming\"><\/use>\r\n                                <\/svg>\r\n                                <span class=\"icon-box__header\">Thermoforming<\/span>\r\n                                <\/a>\r\n                            <\/div>\r\n                                <div class=\"icon-box__container\">\r\n                                <a href=\"https:\/\/pimar-plastics.pl\/en\/uslugi\/lakierowanie\/\">\r\n                                <svg class=\"lakiernia\">\r\n                                    <use xlink:href=\"#lakiernia\"><\/use>\r\n                                <\/svg>\r\n                                <span class=\"icon-box__header\">Varnishing<\/span>\r\n                                <\/a>\r\n                            <\/div>\r\n                                <div class=\"icon-box__container\">\r\n                                <a href=\"https:\/\/pimar-plastics.pl\/en\/uslugi\/skrawanie-i-szybkie-prototypowanie\/\">\r\n                                <svg class=\"szybkie-prototypowanie\">\r\n                                    <use xlink:href=\"#szybkie-prototypowanie\"><\/use>\r\n                                <\/svg>\r\n                                <span class=\"icon-box__header\">Rapid prototyping<\/span>\r\n                                <\/a>\r\n                            <\/div>\r\n            <\/div>\r\n<\/section>\n\n\n<section class=\"wp-block-group section__innovative container-outer\"><div class=\"wp-block-group__inner-container is-layout-flow wp-block-group-is-layout-flow\">\n<div class=\"wp-block-columns is-layout-flex wp-container-core-columns-is-layout-9d6595d7 wp-block-columns-is-layout-flex\">\n<div class=\"wp-block-column is-vertically-aligned-center innovative__left-column is-layout-flow wp-block-column-is-layout-flow\">\n<div class=\"wp-block-group\"><div class=\"wp-block-group__inner-container is-layout-flow wp-block-group-is-layout-flow\">\n<h2 class=\"wp-block-heading\" style=\"font-size:30px;font-style:normal;font-weight:700\">Over <mark style=\"background-color:rgba(0, 0, 0, 0);color:#119eed\" class=\"has-inline-color\">42 years<\/mark><br> of experience <br>in the industry<\/h2>\n\n\n\n<p><\/p>\n\n\n\n<p class=\"innovative__text\" style=\"font-size:14px\">We combine proven solutions with technological innovations. Advanced and extensive machinery park allows us to carry out demanding projects for customers from many industries. Also in the Rapid Prototyping technology.<\/p>\n\n\n\n<div class=\"wp-block-buttons is-layout-flex wp-block-buttons-is-layout-flex\">\n<div class=\"wp-block-button is-style-outline is-style-outline--1\"><a class=\"wp-block-button__link wp-element-button\" href=\"https:\/\/pimar-plastics.pl\/en\/o-nas\/\">About us<\/a><\/div>\n<\/div>\n<\/div><\/div>\n<\/div>\n\n\n\n<div class=\"wp-block-column innovative__right-column is-layout-flow wp-block-column-is-layout-flow\">\n<figure class=\"wp-block-image size-full\"><img loading=\"lazy\" decoding=\"async\" width=\"835\" height=\"564\" src=\"https:\/\/pimar-plastics.pl\/en\/wp-content\/uploads\/2022\/11\/pimar-right.webp\" alt=\"\" class=\"wp-image-342\" srcset=\"https:\/\/pimar-plastics.pl\/en\/wp-content\/uploads\/2022\/11\/pimar-right.webp 835w, https:\/\/pimar-plastics.pl\/en\/wp-content\/uploads\/2022\/11\/pimar-right-300x203.webp 300w, https:\/\/pimar-plastics.pl\/en\/wp-content\/uploads\/2022\/11\/pimar-right-768x519.webp 768w, https:\/\/pimar-plastics.pl\/en\/wp-content\/uploads\/2022\/11\/pimar-right-241x164.webp 241w\" sizes=\"auto, (max-width: 835px) 100vw, 835px\" \/><\/figure>\n<\/div>\n<\/div>\n<\/div><\/section>\n\n\n\n<section class=\"wp-block-group section__offer-list container-outer\"><div class=\"wp-block-group__inner-container is-layout-flow wp-block-group-is-layout-flow\">\n<div class=\"wp-block-columns is-layout-flex wp-container-core-columns-is-layout-9d6595d7 wp-block-columns-is-layout-flex\">\n<div class=\"wp-block-column is-vertically-aligned-center offer-list__left-column is-layout-flow wp-block-column-is-layout-flow\">\n<figure class=\"wp-block-image size-full\"><img loading=\"lazy\" decoding=\"async\" width=\"835\" height=\"562\" src=\"https:\/\/pimar-plastics.pl\/en\/wp-content\/uploads\/2022\/11\/pimar-min.webp\" alt=\"\" class=\"wp-image-343\" srcset=\"https:\/\/pimar-plastics.pl\/en\/wp-content\/uploads\/2022\/11\/pimar-min.webp 835w, https:\/\/pimar-plastics.pl\/en\/wp-content\/uploads\/2022\/11\/pimar-min-300x202.webp 300w, https:\/\/pimar-plastics.pl\/en\/wp-content\/uploads\/2022\/11\/pimar-min-768x517.webp 768w, https:\/\/pimar-plastics.pl\/en\/wp-content\/uploads\/2022\/11\/pimar-min-241x162.webp 241w\" sizes=\"auto, (max-width: 835px) 100vw, 835px\" \/><\/figure>\n<\/div>\n\n\n\n<div class=\"wp-block-column is-vertically-aligned-center offer-list__right-column is-layout-flow wp-block-column-is-layout-flow\">\n<h2 class=\"wp-block-heading\" style=\"font-size:30px;font-style:normal;font-weight:700\">Your project <mark style=\"background-color:rgba(0, 0, 0, 0);color:#0a9aee\" class=\"has-inline-color\">without limitation<\/mark> <\/h2>\n\n\n\n<h2 class=\"wp-block-heading\" style=\"font-size:30px;font-style:normal;font-weight:700\">and compromises<\/h2>\n\n\n\n<p><\/p>\n\n\n\n<p>The processing of plastics has been our domain for almost 42 years. <br>We combine extensive knowledge of plastics with technologies that <br>enable the implementation of ambitious and unusual projects that pose <br>high challenges.<\/p>\n\n\n\n<ul class=\"offer-list__link-list wp-block-list\">\n<li><a href=\"https:\/\/pimar-plastics.pl\/en\/uslugi\/wtrysk\/\">Injection<\/a><\/li>\n\n\n\n<li><a href=\"https:\/\/pimar-plastics.pl\/en\/uslugi\/tampodruk\/\">Pad printing<\/a><\/li>\n\n\n\n<li><a href=\"https:\/\/pimar-plastics.pl\/en\/uslugi\/termoforming\/\" data-type=\"page\" data-id=\"141\">Thermoforming<\/a><\/li>\n\n\n\n<li><a href=\"https:\/\/pimar-plastics.pl\/en\/uslugi\/lakierowanie\/\" data-type=\"page\" data-id=\"143\">Varnishing of plastics products<\/a><\/li>\n\n\n\n<li><a href=\"https:\/\/pimar-plastics.pl\/en\/uslugi\/skrawanie-i-szybkie-prototypowanie\/\" data-type=\"page\" data-id=\"145\">Machining and rapid prototyping<\/a><\/li>\n<\/ul>\n<\/div>\n<\/div>\n<\/div><\/section>\n\n\n\r\n<section id=\"pimar-info-block_6324770b9ccea\" class=\"pimar-info\">\r\n    <div id=\"pimar-info\" class=\"container-outer\">\r\n                                        <div class=\"pimar-info__container\">\r\n                                <svg class=\"kalendarz\">\r\n                                    <use xlink:href=\"#pimar-kalendarz\"><\/use>\r\n                                <\/svg>\r\n                                <span class=\"pimar-info__header\">42<\/span>\r\n                                <span class=\"pimar-info__subtitle\">Years of<br>experience<\/span>\r\n                            <\/div>\r\n                                <div class=\"pimar-info__container\">\r\n                                <svg class=\"maszyny\">\r\n                                    <use xlink:href=\"#pimar-maszyny\"><\/use>\r\n                                <\/svg>\r\n                                <span class=\"pimar-info__header\">25<\/span>\r\n                                <span class=\"pimar-info__subtitle\">Modern <br>plastis processing machines<\/span>\r\n                            <\/div>\r\n                                <div class=\"pimar-info__container\">\r\n                                <svg class=\"czesci\">\r\n                                    <use xlink:href=\"#pimar-czesci\"><\/use>\r\n                                <\/svg>\r\n                                <span class=\"pimar-info__header\">999+ <span>mln<\/span><\/span>\r\n                                <span class=\"pimar-info__subtitle\">Manufactured <br>parts<\/span>\r\n                            <\/div>\r\n                                <div class=\"pimar-info__container\">\r\n                                <svg class=\"klienci\">\r\n                                    <use xlink:href=\"#pimar-klienci\"><\/use>\r\n                                <\/svg>\r\n                                <span class=\"pimar-info__header\">567+<\/span>\r\n                                <span class=\"pimar-info__subtitle\">Satisfied <br>customers<\/span>\r\n                            <\/div>\r\n                                <div class=\"pimar-info__container\">\r\n                                <svg class=\"pracownicy\">\r\n                                    <use xlink:href=\"#pimar-pracownicy\"><\/use>\r\n                                <\/svg>\r\n                                <span class=\"pimar-info__header\">78<\/span>\r\n                                <span class=\"pimar-info__subtitle\">Experienced <br>employees<\/span>\r\n                            <\/div>\r\n            <\/div>\r\n<\/section>\n\n\n<section class=\"wp-block-group section-before-footer container-outer d-none\"><div class=\"wp-block-group__inner-container is-layout-flow wp-block-group-is-layout-flow\">\n<div class=\"wp-block-columns is-layout-flex wp-container-core-columns-is-layout-9d6595d7 wp-block-columns-is-layout-flex\">\n<div class=\"wp-block-column is-vertically-aligned-top before-footer__column-left is-layout-flow wp-block-column-is-layout-flow\">\n<div class=\"wp-block-group\"><div class=\"wp-block-group__inner-container is-layout-flow wp-block-group-is-layout-flow\">\n<h2 class=\"wp-block-heading\">Kompleksowo zrealizujemy Tw\u00f3j projekt zgodnie z za\u0142o\u017ceniami.<br>Od koncepcji do wykonania!<\/h2>\n\n\n\n<p><br><\/p>\n\n\n\n<div class=\"wp-block-buttons is-layout-flex wp-block-buttons-is-layout-flex\">\n<div class=\"wp-block-button has-custom-font-size is-style-outline has-small-font-size is-style-outline--2\"><a class=\"wp-block-button__link wp-element-button\">Rozpocznij wsp\u00f3\u0142prac\u0119<\/a><\/div>\n<\/div>\n<\/div><\/div>\n<\/div>\n\n\n\n<div class=\"wp-block-column is-layout-flow wp-block-column-is-layout-flow\">\n<figure class=\"wp-block-image size-full\"><img loading=\"lazy\" decoding=\"async\" width=\"848\" height=\"903\" src=\"https:\/\/pimar-plastics.pl\/en\/wp-content\/uploads\/2022\/09\/Rectangle-22-copy.jpg\" alt=\"\" class=\"wp-image-98\" srcset=\"https:\/\/pimar-plastics.pl\/en\/wp-content\/uploads\/2022\/09\/Rectangle-22-copy.jpg 848w, https:\/\/pimar-plastics.pl\/en\/wp-content\/uploads\/2022\/09\/Rectangle-22-copy-282x300.jpg 282w, https:\/\/pimar-plastics.pl\/en\/wp-content\/uploads\/2022\/09\/Rectangle-22-copy-768x818.jpg 768w, https:\/\/pimar-plastics.pl\/en\/wp-content\/uploads\/2022\/09\/Rectangle-22-copy-154x164.jpg 154w\" sizes=\"auto, (max-width: 848px) 100vw, 848px\" \/><\/figure>\n<\/div>\n<\/div>\n<\/div><\/section>\n\n\n\n<figure class=\"wp-block-gallery has-nested-images columns-default is-cropped container mt-90 wp-block-gallery-3 is-layout-flex wp-block-gallery-is-layout-flex\" id=\"lightgallery\">\n<figure class=\"wp-block-image size-large\"><a href=\"https:\/\/pimar-plastics.pl\/en\/wp-content\/uploads\/2022\/09\/OZZ1273-kopia-min.jpg\"><img loading=\"lazy\" decoding=\"async\" width=\"1920\" height=\"1280\" data-id=\"148\" src=\"https:\/\/pimar-plastics.pl\/en\/wp-content\/uploads\/2022\/09\/OZZ1273-kopia-min.jpg\" alt=\"\" class=\"wp-image-148\" srcset=\"https:\/\/pimar-plastics.pl\/en\/wp-content\/uploads\/2022\/09\/OZZ1273-kopia-min.jpg 1920w, https:\/\/pimar-plastics.pl\/en\/wp-content\/uploads\/2022\/09\/OZZ1273-kopia-min-300x200.jpg 300w, https:\/\/pimar-plastics.pl\/en\/wp-content\/uploads\/2022\/09\/OZZ1273-kopia-min-1024x683.jpg 1024w, https:\/\/pimar-plastics.pl\/en\/wp-content\/uploads\/2022\/09\/OZZ1273-kopia-min-768x512.jpg 768w, https:\/\/pimar-plastics.pl\/en\/wp-content\/uploads\/2022\/09\/OZZ1273-kopia-min-1536x1024.jpg 1536w, https:\/\/pimar-plastics.pl\/en\/wp-content\/uploads\/2022\/09\/OZZ1273-kopia-min-241x161.jpg 241w\" sizes=\"auto, (max-width: 1920px) 100vw, 1920px\" \/><\/a><\/figure>\n\n\n\n<figure class=\"wp-block-image size-large\"><a href=\"https:\/\/pimar-plastics.pl\/en\/wp-content\/uploads\/2022\/09\/wtrysk.jpg\"><img loading=\"lazy\" decoding=\"async\" width=\"850\" height=\"572\" data-id=\"68\" src=\"https:\/\/pimar-plastics.pl\/en\/wp-content\/uploads\/2022\/09\/wtrysk.jpg\" alt=\"\" class=\"wp-image-68\" srcset=\"https:\/\/pimar-plastics.pl\/en\/wp-content\/uploads\/2022\/09\/wtrysk.jpg 850w, https:\/\/pimar-plastics.pl\/en\/wp-content\/uploads\/2022\/09\/wtrysk-300x202.jpg 300w, https:\/\/pimar-plastics.pl\/en\/wp-content\/uploads\/2022\/09\/wtrysk-768x517.jpg 768w, https:\/\/pimar-plastics.pl\/en\/wp-content\/uploads\/2022\/09\/wtrysk-241x162.jpg 241w\" sizes=\"auto, (max-width: 850px) 100vw, 850px\" \/><\/a><\/figure>\n\n\n\n<figure class=\"wp-block-image size-large\"><a href=\"https:\/\/pimar-plastics.pl\/en\/wp-content\/uploads\/2022\/09\/IMG_6662-min.jpg\"><img loading=\"lazy\" decoding=\"async\" width=\"1620\" height=\"1080\" data-id=\"179\" src=\"https:\/\/pimar-plastics.pl\/en\/wp-content\/uploads\/2022\/09\/IMG_6662-min.jpg\" alt=\"\" class=\"wp-image-179\" srcset=\"https:\/\/pimar-plastics.pl\/en\/wp-content\/uploads\/2022\/09\/IMG_6662-min.jpg 1620w, https:\/\/pimar-plastics.pl\/en\/wp-content\/uploads\/2022\/09\/IMG_6662-min-300x200.jpg 300w, https:\/\/pimar-plastics.pl\/en\/wp-content\/uploads\/2022\/09\/IMG_6662-min-1024x683.jpg 1024w, https:\/\/pimar-plastics.pl\/en\/wp-content\/uploads\/2022\/09\/IMG_6662-min-768x512.jpg 768w, https:\/\/pimar-plastics.pl\/en\/wp-content\/uploads\/2022\/09\/IMG_6662-min-1536x1024.jpg 1536w, https:\/\/pimar-plastics.pl\/en\/wp-content\/uploads\/2022\/09\/IMG_6662-min-241x161.jpg 241w\" sizes=\"auto, (max-width: 1620px) 100vw, 1620px\" \/><\/a><\/figure>\n\n\n\n<figure class=\"wp-block-image size-large\"><a href=\"https:\/\/pimar-plastics.pl\/en\/wp-content\/uploads\/2022\/09\/OZZ1209-kopia-min.jpg\"><img loading=\"lazy\" decoding=\"async\" width=\"1620\" height=\"1080\" data-id=\"176\" src=\"https:\/\/pimar-plastics.pl\/en\/wp-content\/uploads\/2022\/09\/OZZ1209-kopia-min.jpg\" alt=\"\" class=\"wp-image-176\" srcset=\"https:\/\/pimar-plastics.pl\/en\/wp-content\/uploads\/2022\/09\/OZZ1209-kopia-min.jpg 1620w, https:\/\/pimar-plastics.pl\/en\/wp-content\/uploads\/2022\/09\/OZZ1209-kopia-min-300x200.jpg 300w, https:\/\/pimar-plastics.pl\/en\/wp-content\/uploads\/2022\/09\/OZZ1209-kopia-min-1024x683.jpg 1024w, https:\/\/pimar-plastics.pl\/en\/wp-content\/uploads\/2022\/09\/OZZ1209-kopia-min-768x512.jpg 768w, https:\/\/pimar-plastics.pl\/en\/wp-content\/uploads\/2022\/09\/OZZ1209-kopia-min-1536x1024.jpg 1536w, https:\/\/pimar-plastics.pl\/en\/wp-content\/uploads\/2022\/09\/OZZ1209-kopia-min-241x161.jpg 241w\" sizes=\"auto, (max-width: 1620px) 100vw, 1620px\" \/><\/a><\/figure>\n\n\n\n<figure class=\"wp-block-image size-large\"><a href=\"https:\/\/pimar-plastics.pl\/en\/wp-content\/uploads\/2022\/09\/OZZ1225-kopia-min.jpg\"><img loading=\"lazy\" decoding=\"async\" width=\"1620\" height=\"1080\" data-id=\"177\" src=\"https:\/\/pimar-plastics.pl\/en\/wp-content\/uploads\/2022\/09\/OZZ1225-kopia-min.jpg\" alt=\"\" class=\"wp-image-177\" srcset=\"https:\/\/pimar-plastics.pl\/en\/wp-content\/uploads\/2022\/09\/OZZ1225-kopia-min.jpg 1620w, https:\/\/pimar-plastics.pl\/en\/wp-content\/uploads\/2022\/09\/OZZ1225-kopia-min-300x200.jpg 300w, https:\/\/pimar-plastics.pl\/en\/wp-content\/uploads\/2022\/09\/OZZ1225-kopia-min-1024x683.jpg 1024w, https:\/\/pimar-plastics.pl\/en\/wp-content\/uploads\/2022\/09\/OZZ1225-kopia-min-768x512.jpg 768w, https:\/\/pimar-plastics.pl\/en\/wp-content\/uploads\/2022\/09\/OZZ1225-kopia-min-1536x1024.jpg 1536w, https:\/\/pimar-plastics.pl\/en\/wp-content\/uploads\/2022\/09\/OZZ1225-kopia-min-241x161.jpg 241w\" sizes=\"auto, (max-width: 1620px) 100vw, 1620px\" \/><\/a><\/figure>\n\n\n\n<figure class=\"wp-block-image size-large\"><a href=\"https:\/\/pimar-plastics.pl\/en\/wp-content\/uploads\/2022\/09\/OZZ1212-kopia-min.jpg\"><img loading=\"lazy\" decoding=\"async\" width=\"1620\" height=\"1080\" data-id=\"175\" src=\"https:\/\/pimar-plastics.pl\/en\/wp-content\/uploads\/2022\/09\/OZZ1212-kopia-min.jpg\" alt=\"\" class=\"wp-image-175\" srcset=\"https:\/\/pimar-plastics.pl\/en\/wp-content\/uploads\/2022\/09\/OZZ1212-kopia-min.jpg 1620w, https:\/\/pimar-plastics.pl\/en\/wp-content\/uploads\/2022\/09\/OZZ1212-kopia-min-300x200.jpg 300w, https:\/\/pimar-plastics.pl\/en\/wp-content\/uploads\/2022\/09\/OZZ1212-kopia-min-1024x683.jpg 1024w, https:\/\/pimar-plastics.pl\/en\/wp-content\/uploads\/2022\/09\/OZZ1212-kopia-min-768x512.jpg 768w, https:\/\/pimar-plastics.pl\/en\/wp-content\/uploads\/2022\/09\/OZZ1212-kopia-min-1536x1024.jpg 1536w, https:\/\/pimar-plastics.pl\/en\/wp-content\/uploads\/2022\/09\/OZZ1212-kopia-min-241x161.jpg 241w\" sizes=\"auto, (max-width: 1620px) 100vw, 1620px\" \/><\/a><\/figure>\n<\/figure>\n","protected":false},"excerpt":{"rendered":"<p>Over of experience in the industry We combine proven solutions with technological innovations. Advanced and extensive machinery park allows us to carry out demanding projects for customers from many industries. Also in the Rapid Prototyping technology. Your project without limitation and compromises The processing of plastics has been our domain for almost . We combine [&hellip;]<\/p>\n","protected":false},"author":1,"featured_media":0,"parent":0,"menu_order":0,"comment_status":"closed","ping_status":"closed","template":"","meta":{"footnotes":""},"class_list":["post-28","page","type-page","status-publish","hentry"],"_links":{"self":[{"href":"https:\/\/pimar-plastics.pl\/en\/wp-json\/wp\/v2\/pages\/28","targetHints":{"allow":["GET"]}}],"collection":[{"href":"https:\/\/pimar-plastics.pl\/en\/wp-json\/wp\/v2\/pages"}],"about":[{"href":"https:\/\/pimar-plastics.pl\/en\/wp-json\/wp\/v2\/types\/page"}],"author":[{"embeddable":true,"href":"https:\/\/pimar-plastics.pl\/en\/wp-json\/wp\/v2\/users\/1"}],"replies":[{"embeddable":true,"href":"https:\/\/pimar-plastics.pl\/en\/wp-json\/wp\/v2\/comments?post=28"}],"version-history":[{"count":76,"href":"https:\/\/pimar-plastics.pl\/en\/wp-json\/wp\/v2\/pages\/28\/revisions"}],"predecessor-version":[{"id":367,"href":"https:\/\/pimar-plastics.pl\/en\/wp-json\/wp\/v2\/pages\/28\/revisions\/367"}],"wp:attachment":[{"href":"https:\/\/pimar-plastics.pl\/en\/wp-json\/wp\/v2\/media?parent=28"}],"curies":[{"name":"wp","href":"https:\/\/api.w.org\/{rel}","templated":true}]}}