{"id":12,"date":"2022-09-06T13:51:05","date_gmt":"2022-09-06T11:51:05","guid":{"rendered":"https:\/\/pimar-plastics.pl\/en\/?page_id=12"},"modified":"2026-02-17T20:24:48","modified_gmt":"2026-02-17T19:24:48","slug":"contact","status":"publish","type":"page","link":"https:\/\/pimar-plastics.pl\/en\/contact\/","title":{"rendered":"Contact"},"content":{"rendered":"\n<p><\/p>\n\n\n\n<section class=\"wp-block-group section-contact-hero container-outer\"><div class=\"wp-block-group__inner-container is-layout-flow wp-block-group-is-layout-flow\">\n<div class=\"wp-block-columns is-layout-flex wp-container-core-columns-is-layout-9d6595d7 wp-block-columns-is-layout-flex\">\n<div class=\"wp-block-column contact-hero__column-left is-layout-flow wp-block-column-is-layout-flow\">\n<div class=\"wp-block-group\"><div class=\"wp-block-group__inner-container is-layout-flow wp-block-group-is-layout-flow\">\n<p>Pimar-Plastics Siebiesiewicz Sp. K.<br>ul. Fabryczna 7L<br>16-020 Czarna Bia\u0142ostocka<br>Poland<\/p>\n\n\n\n<p>NIP: PL966-197-80-84<br>KRS: 0000971561<\/p>\n\n\n\n<p>S\u0105d Rejonowy w Bia\u0142ymstoku<br>XII Wydzia\u0142 Gospodarczy Krajowego Rejestru S\u0105dowego<\/p>\n<\/div><\/div>\n<\/div>\n\n\n\n<div class=\"wp-block-column contact-hero__column-right is-layout-flow wp-block-column-is-layout-flow\">\n<iframe src=\"https:\/\/www.google.com\/maps\/embed?pb=!1m18!1m12!1m3!1d16503.66942249251!2d23.2333675381893!3d53.317387190239934!2m3!1f0!2f0!3f0!3m2!1i1024!2i768!4f13.1!3m3!1m2!1s0x46e004ef2b4833ff%3A0x5861fceb5a8c829f!2sFabryczna%207L%2C%2016-020%20Czarna%20Bia%C5%82ostocka!5e0!3m2!1spl!2spl!4v1664200069607!5m2!1spl!2spl\" width=\"100%\" height=\"100%\" style=\"border:0; max-width: 100%;\" allowfullscreen=\"\" loading=\"lazy\" referrerpolicy=\"no-referrer-when-downgrade\"><\/iframe>\n<\/div>\n<\/div>\n<\/div><\/section>\n\n\n\n<section class=\"wp-block-group section-contact-columns\"><div class=\"wp-block-group__inner-container is-layout-flow wp-block-group-is-layout-flow\">\n<div class=\"wp-block-columns is-layout-flex wp-container-core-columns-is-layout-9d6595d7 wp-block-columns-is-layout-flex\">\n<div class=\"wp-block-column is-layout-flow wp-block-column-is-layout-flow\">\n<p class=\"contact-columns__title\">Sale<\/p>\n\n\n\n<p>Natalia Jonasz<br>+48 533 328 808<br><a href=\"mailto:natalia.jonasz@pimar-plastics.pl\" data-type=\"mailto\" data-id=\"mailto:natalia.jonasz@pimar-plastics.pl\">natalia.jonasz@pimar-plastics.pl<\/a><\/p>\n<\/div>\n\n\n\n<div class=\"wp-block-column is-layout-flow wp-block-column-is-layout-flow\">\n<p class=\"contact-columns__title\">Office<\/p>\n\n\n\n<p>+48 85 675 50 80 wew. 2<br><a href=\"mailto:biuro@pimar-plastics.pl\" data-type=\"mailto\" data-id=\"mailto:biuro@pimar-plastics.pl\">biuro@pimar-plastics.pl<\/a><\/p>\n<\/div>\n\n\n\n<div class=\"wp-block-column is-layout-flow wp-block-column-is-layout-flow\">\n<p class=\"contact-columns__title\">Technology and procurement<\/p>\n\n\n\n<p>Andrzej Ja\u0142brzykowski<br>+48 85 675 50 80 wew. 3<br><a href=\"mailto:aj@pimar-plastics.pl\" data-type=\"mailto\" data-id=\"mailto:aj@pimar-plastics.pl\">aj@pimar-plastics.pl<\/a><\/p>\n<\/div>\n<\/div>\n<\/div><\/section>\n","protected":false},"excerpt":{"rendered":"<p>Pimar-Plastics Siebiesiewicz Sp. K.ul. Fabryczna 7L16-020 Czarna Bia\u0142ostockaPoland NIP: PL966-197-80-84KRS: 0000971561 S\u0105d Rejonowy w Bia\u0142ymstokuXII Wydzia\u0142 Gospodarczy Krajowego Rejestru S\u0105dowego Sale Natalia Jonasz+48 533 328 808natalia.jonasz@pimar-plastics.pl Office +48 85 675 50 80 wew. 2biuro@pimar-plastics.pl Technology and procurement Andrzej Ja\u0142brzykowski+48 85 675 50 80 wew. 3aj@pimar-plastics.pl<\/p>\n","protected":false},"author":1,"featured_media":0,"parent":0,"menu_order":0,"comment_status":"closed","ping_status":"closed","template":"","meta":{"footnotes":""},"class_list":["post-12","page","type-page","status-publish","hentry"],"_links":{"self":[{"href":"https:\/\/pimar-plastics.pl\/en\/wp-json\/wp\/v2\/pages\/12","targetHints":{"allow":["GET"]}}],"collection":[{"href":"https:\/\/pimar-plastics.pl\/en\/wp-json\/wp\/v2\/pages"}],"about":[{"href":"https:\/\/pimar-plastics.pl\/en\/wp-json\/wp\/v2\/types\/page"}],"author":[{"embeddable":true,"href":"https:\/\/pimar-plastics.pl\/en\/wp-json\/wp\/v2\/users\/1"}],"replies":[{"embeddable":true,"href":"https:\/\/pimar-plastics.pl\/en\/wp-json\/wp\/v2\/comments?post=12"}],"version-history":[{"count":25,"href":"https:\/\/pimar-plastics.pl\/en\/wp-json\/wp\/v2\/pages\/12\/revisions"}],"predecessor-version":[{"id":368,"href":"https:\/\/pimar-plastics.pl\/en\/wp-json\/wp\/v2\/pages\/12\/revisions\/368"}],"wp:attachment":[{"href":"https:\/\/pimar-plastics.pl\/en\/wp-json\/wp\/v2\/media?parent=12"}],"curies":[{"name":"wp","href":"https:\/\/api.w.org\/{rel}","templated":true}]}}